{"id":325,"date":"2025-08-01T11:37:01","date_gmt":"2025-08-01T17:37:01","guid":{"rendered":"https:\/\/www.jakovo.net\/?page_id=325"},"modified":"2025-08-14T15:03:45","modified_gmt":"2025-08-14T21:03:45","slug":"publications","status":"publish","type":"page","link":"https:\/\/jakovo.net\/mx\/publications\/","title":{"rendered":"Publicaciones"},"content":{"rendered":"<p>Si bien este espacio est\u00e1 vac\u00edo \u2014 por ahora \u2014 Lo veo como una invitaci\u00f3n, un recordatorio de que alg\u00fan d\u00eda quiero llenarlo con algo que sea \u00fatil y que valga la pena compartir. A trav\u00e9s de los a\u00f1os, he aprendido mucho gracias a muchas personas que han compartido sus investigaciones, ideas y creaciones libremente.<\/p>\n<p>Cuando el tiempo llegue, quiero contribuir algo propio \u2014 algo que pueda ayudar, inspirar, o alentar a otros, la misma forma que el trabajo de muchas personas lo han hecho conmigo. Un peque\u00f1o &#8220;gracias&#8221; que le regresa a la comunidad de la cual su conocimiento compartido ha guiado mi camino hasta el momento.<\/p>\n","protected":false},"excerpt":{"rendered":"<p>Si bien este espacio est\u00e1 vac\u00edo \u2014 por ahora \u2014 Lo veo como una invitaci\u00f3n, un recordatorio de que alg\u00fan d\u00eda quiero llenarlo con algo que sea \u00fatil y que valga la pena compartir. A trav\u00e9s de los a\u00f1os, he aprendido mucho gracias a muchas personas que han compartido sus investigaciones, ideas y creaciones libremente. [&hellip;]<\/p>\n","protected":false},"author":1,"featured_media":0,"parent":0,"menu_order":0,"comment_status":"closed","ping_status":"closed","template":"page_without_date.php","meta":{"footnotes":""},"class_list":["post-325","page","type-page","status-publish","hentry"],"translation":{"provider":"WPGlobus","version":"3.0.2","language":"mx","enabled_languages":["en","mx","ja"],"languages":{"en":{"title":true,"content":true,"excerpt":false},"mx":{"title":true,"content":true,"excerpt":false},"ja":{"title":true,"content":true,"excerpt":false}}},"_links":{"self":[{"href":"https:\/\/jakovo.net\/mx\/wp-json\/wp\/v2\/pages\/325","targetHints":{"allow":["GET"]}}],"collection":[{"href":"https:\/\/jakovo.net\/mx\/wp-json\/wp\/v2\/pages"}],"about":[{"href":"https:\/\/jakovo.net\/mx\/wp-json\/wp\/v2\/types\/page"}],"author":[{"embeddable":true,"href":"https:\/\/jakovo.net\/mx\/wp-json\/wp\/v2\/users\/1"}],"replies":[{"embeddable":true,"href":"https:\/\/jakovo.net\/mx\/wp-json\/wp\/v2\/comments?post=325"}],"version-history":[{"count":9,"href":"https:\/\/jakovo.net\/mx\/wp-json\/wp\/v2\/pages\/325\/revisions"}],"predecessor-version":[{"id":404,"href":"https:\/\/jakovo.net\/mx\/wp-json\/wp\/v2\/pages\/325\/revisions\/404"}],"wp:attachment":[{"href":"https:\/\/jakovo.net\/mx\/wp-json\/wp\/v2\/media?parent=325"}],"curies":[{"name":"wp","href":"https:\/\/api.w.org\/{rel}","templated":true}]}}