{"id":321,"date":"2025-08-01T11:32:18","date_gmt":"2025-08-01T17:32:18","guid":{"rendered":"https:\/\/www.jakovo.net\/?page_id=321"},"modified":"2025-08-15T09:05:58","modified_gmt":"2025-08-15T15:05:58","slug":"talks","status":"publish","type":"page","link":"https:\/\/jakovo.net\/mx\/talks\/","title":{"rendered":"Pl\u00e1ticas"},"content":{"rendered":"<p>Ocasionalmente me han invitado a dar alguna pl\u00e1tica en eventos locales o universidades, y seguido, despu\u00e9s de la charla, me piden si les puedo compartir el material; as\u00ed que pens\u00e9 que ser\u00eda buena idea agregar esta secci\u00f3n aqu\u00ed, donde pudiera dejarlos disponibles para cualquiera que est\u00e9 interesado. Esto incluir\u00e1 las diapositivas, grabaciones, o cualquier otra cosa relevante de la presentaci\u00f3n.<\/p>\n","protected":false},"excerpt":{"rendered":"<p>Ocasionalmente me han invitado a dar alguna pl\u00e1tica en eventos locales o universidades, y seguido, despu\u00e9s de la charla, me piden si les puedo compartir el material; as\u00ed que pens\u00e9 que ser\u00eda buena idea agregar esta secci\u00f3n aqu\u00ed, donde pudiera dejarlos disponibles para cualquiera que est\u00e9 interesado. Esto incluir\u00e1 las diapositivas, grabaciones, o cualquier otra [&hellip;]<\/p>\n","protected":false},"author":1,"featured_media":0,"parent":0,"menu_order":0,"comment_status":"closed","ping_status":"closed","template":"page_without_date.php","meta":{"footnotes":""},"class_list":["post-321","page","type-page","status-publish","hentry"],"translation":{"provider":"WPGlobus","version":"3.0.2","language":"mx","enabled_languages":["en","mx","ja"],"languages":{"en":{"title":true,"content":true,"excerpt":false},"mx":{"title":true,"content":true,"excerpt":false},"ja":{"title":true,"content":true,"excerpt":false}}},"_links":{"self":[{"href":"https:\/\/jakovo.net\/mx\/wp-json\/wp\/v2\/pages\/321","targetHints":{"allow":["GET"]}}],"collection":[{"href":"https:\/\/jakovo.net\/mx\/wp-json\/wp\/v2\/pages"}],"about":[{"href":"https:\/\/jakovo.net\/mx\/wp-json\/wp\/v2\/types\/page"}],"author":[{"embeddable":true,"href":"https:\/\/jakovo.net\/mx\/wp-json\/wp\/v2\/users\/1"}],"replies":[{"embeddable":true,"href":"https:\/\/jakovo.net\/mx\/wp-json\/wp\/v2\/comments?post=321"}],"version-history":[{"count":14,"href":"https:\/\/jakovo.net\/mx\/wp-json\/wp\/v2\/pages\/321\/revisions"}],"predecessor-version":[{"id":422,"href":"https:\/\/jakovo.net\/mx\/wp-json\/wp\/v2\/pages\/321\/revisions\/422"}],"wp:attachment":[{"href":"https:\/\/jakovo.net\/mx\/wp-json\/wp\/v2\/media?parent=321"}],"curies":[{"name":"wp","href":"https:\/\/api.w.org\/{rel}","templated":true}]}}