{"id":316,"date":"2025-08-01T11:26:14","date_gmt":"2025-08-01T17:26:14","guid":{"rendered":"https:\/\/www.jakovo.net\/?page_id=316"},"modified":"2025-08-18T21:03:00","modified_gmt":"2025-08-19T03:03:00","slug":"projects","status":"publish","type":"page","link":"https:\/\/jakovo.net\/mx\/projects\/","title":{"rendered":"Proyectos"},"content":{"rendered":"<p>Lo s\u00e9, lo s\u00e9&#8230; deber\u00eda platicar sobre los proyectos en los que he trabajado; solamente no he tenido el tiempo a\u00fan. Pero prometo que har\u00e9 un poco de tiempo pronto para actualizar esta secci\u00f3n y dejarla como se debe.<\/p>\n<p><img loading=\"lazy\" decoding=\"async\" src=\"https:\/\/jakovo.net\/wp-content\/uploads\/2025\/08\/WF-300x179.png\" alt=\"Warframe\" width=\"300\" height=\"179\" class=\"alignleft size-medium wp-image-434\" srcset=\"https:\/\/jakovo.net\/wp-content\/uploads\/2025\/08\/WF-300x179.png 300w, https:\/\/jakovo.net\/wp-content\/uploads\/2025\/08\/WF-768x458.png 768w, https:\/\/jakovo.net\/wp-content\/uploads\/2025\/08\/WF-386x230.png 386w, https:\/\/jakovo.net\/wp-content\/uploads\/2025\/08\/WF.png 876w\" sizes=\"auto, (max-width: 300px) 100vw, 300px\" \/><\/p>\n<p><img loading=\"lazy\" decoding=\"async\" src=\"https:\/\/jakovo.net\/wp-content\/uploads\/2025\/08\/TS4-300x205.png\" alt=\"The Sims 4\" width=\"300\" height=\"205\" class=\"alignright size-medium wp-image-433\" srcset=\"https:\/\/jakovo.net\/wp-content\/uploads\/2025\/08\/TS4-300x205.png 300w, https:\/\/jakovo.net\/wp-content\/uploads\/2025\/08\/TS4-1024x701.png 1024w, https:\/\/jakovo.net\/wp-content\/uploads\/2025\/08\/TS4-768x526.png 768w, https:\/\/jakovo.net\/wp-content\/uploads\/2025\/08\/TS4-336x230.png 336w, https:\/\/jakovo.net\/wp-content\/uploads\/2025\/08\/TS4.png 1346w\" sizes=\"auto, (max-width: 300px) 100vw, 300px\" \/><\/p>\n<p><img loading=\"lazy\" decoding=\"async\" src=\"https:\/\/jakovo.net\/wp-content\/uploads\/2025\/08\/LDOE-300x236.jpg\" alt=\"The Last Day on Earth\" width=\"300\" height=\"236\" class=\"aligncenter size-medium wp-image-432\" srcset=\"https:\/\/jakovo.net\/wp-content\/uploads\/2025\/08\/LDOE-300x236.jpg 300w, https:\/\/jakovo.net\/wp-content\/uploads\/2025\/08\/LDOE-768x605.jpg 768w, https:\/\/jakovo.net\/wp-content\/uploads\/2025\/08\/LDOE-292x230.jpg 292w, https:\/\/jakovo.net\/wp-content\/uploads\/2025\/08\/LDOE.jpg 1000w\" sizes=\"auto, (max-width: 300px) 100vw, 300px\" \/><\/p>\n<p><img loading=\"lazy\" decoding=\"async\" src=\"https:\/\/jakovo.net\/wp-content\/uploads\/2025\/08\/LLHDR-300x171.png\" alt=\"Lucha Libre: Heroes del Ring 2010\" width=\"300\" height=\"171\" class=\"alignleft size-medium wp-image-430\" srcset=\"https:\/\/jakovo.net\/wp-content\/uploads\/2025\/08\/LLHDR-300x171.png 300w, https:\/\/jakovo.net\/wp-content\/uploads\/2025\/08\/LLHDR-1024x584.png 1024w, https:\/\/jakovo.net\/wp-content\/uploads\/2025\/08\/LLHDR-768x438.png 768w, https:\/\/jakovo.net\/wp-content\/uploads\/2025\/08\/LLHDR-403x230.png 403w, https:\/\/jakovo.net\/wp-content\/uploads\/2025\/08\/LLHDR.png 1213w\" sizes=\"auto, (max-width: 300px) 100vw, 300px\" \/><\/p>\n<p><img loading=\"lazy\" decoding=\"async\" src=\"https:\/\/jakovo.net\/wp-content\/uploads\/2025\/08\/KFA-300x212.png\" alt=\"Kung Fu Academy\" width=\"300\" height=\"212\" class=\"alignright size-medium wp-image-431\" srcset=\"https:\/\/jakovo.net\/wp-content\/uploads\/2025\/08\/KFA-300x212.png 300w, https:\/\/jakovo.net\/wp-content\/uploads\/2025\/08\/KFA-1024x723.png 1024w, https:\/\/jakovo.net\/wp-content\/uploads\/2025\/08\/KFA-768x542.png 768w, https:\/\/jakovo.net\/wp-content\/uploads\/2025\/08\/KFA-326x230.png 326w, https:\/\/jakovo.net\/wp-content\/uploads\/2025\/08\/KFA.png 1440w\" sizes=\"auto, (max-width: 300px) 100vw, 300px\" \/><\/p>\n","protected":false},"excerpt":{"rendered":"<p>Lo s\u00e9, lo s\u00e9&#8230; deber\u00eda platicar sobre los proyectos en los que he trabajado; solamente no he tenido el tiempo a\u00fan. Pero prometo que har\u00e9 un poco de tiempo pronto para actualizar esta secci\u00f3n y dejarla como se debe.<\/p>\n","protected":false},"author":1,"featured_media":0,"parent":0,"menu_order":0,"comment_status":"closed","ping_status":"closed","template":"page_without_date.php","meta":{"footnotes":""},"class_list":["post-316","page","type-page","status-publish","hentry"],"translation":{"provider":"WPGlobus","version":"3.0.2","language":"mx","enabled_languages":["en","mx","ja"],"languages":{"en":{"title":true,"content":true,"excerpt":false},"mx":{"title":true,"content":true,"excerpt":false},"ja":{"title":true,"content":true,"excerpt":false}}},"_links":{"self":[{"href":"https:\/\/jakovo.net\/mx\/wp-json\/wp\/v2\/pages\/316","targetHints":{"allow":["GET"]}}],"collection":[{"href":"https:\/\/jakovo.net\/mx\/wp-json\/wp\/v2\/pages"}],"about":[{"href":"https:\/\/jakovo.net\/mx\/wp-json\/wp\/v2\/types\/page"}],"author":[{"embeddable":true,"href":"https:\/\/jakovo.net\/mx\/wp-json\/wp\/v2\/users\/1"}],"replies":[{"embeddable":true,"href":"https:\/\/jakovo.net\/mx\/wp-json\/wp\/v2\/comments?post=316"}],"version-history":[{"count":11,"href":"https:\/\/jakovo.net\/mx\/wp-json\/wp\/v2\/pages\/316\/revisions"}],"predecessor-version":[{"id":437,"href":"https:\/\/jakovo.net\/mx\/wp-json\/wp\/v2\/pages\/316\/revisions\/437"}],"wp:attachment":[{"href":"https:\/\/jakovo.net\/mx\/wp-json\/wp\/v2\/media?parent=316"}],"curies":[{"name":"wp","href":"https:\/\/api.w.org\/{rel}","templated":true}]}}