{"id":304,"date":"2023-09-20T06:30:27","date_gmt":"2023-09-20T12:30:27","guid":{"rendered":"https:\/\/www.jakovo.net\/?page_id=304"},"modified":"2025-11-03T11:43:56","modified_gmt":"2025-11-03T17:43:56","slug":"about-me","status":"publish","type":"page","link":"https:\/\/jakovo.net\/mx\/about-me\/","title":{"rendered":"Acerca de mi"},"content":{"rendered":"<p>Hola! Mi nombre es <strong>Jacobo R\u00edos<\/strong>, soy un gamer \u00e1vido, y desarrollador de videojuegos de coraz\u00f3n; especialmente apasionado por la <strong>programaci\u00f3n de gr\u00e1ficas en tiempo real y el desarrollo de motores<\/strong> para videojuegos (aunque he trabajado otros aspectos tambi\u00e9n).<\/p>\n<p>Actualmente trabajo en Hydra-Technologies, desarrollando un motor de renderizado 3D a-medida para un sistema de an\u00e1lisis de terreno y simulador de vuelo para la industria aeroespacial. Pero en el pasado he tenido el honor de colaborar en distintos proyectos para empresas de videojuegos como <em>Digital Extremes<\/em>, <em>Sony San Diego Studio<\/em>, <em>Electronic Arts<\/em>, <em>Larva Game Studios<\/em> e <em>Immersion Games<\/em>.<\/p>\n<p>Inici\u00e9 este blog con la intenci\u00f3n de registrar muchas de las conversaciones interesantes y reflexiones personales (principalmente sobre programaci\u00f3n gr\u00e1fica y desarrollo de videojuegos) que surgen con colegas, amigos y gente de la industria. Son pl\u00e1ticas que disfruto much\u00edsimo y que me resultan muy enriquecedoras, pero que, lamentablemente, muchas veces se pierden entre publicaciones de redes sociales\u2026 o simplemente se olvidan despu\u00e9s de la conversaci\u00f3n.<\/p>\n<p>As\u00ed que pens\u00e9 que ser\u00eda buena idea usar este espacio para escribir sobre todas esas cosas interesantes que suelo comentar aqu\u00ed y all\u00e1, aprovechando que en muchas ocasiones ya tengo buena parte de ello escrito\u2026 y quiz\u00e1s incluso expandirlas con un poco m\u00e1s de libertad.<\/p>\n<p>Cualquier cosa, me puedes enconrtar en:<\/p>\n<p>Twitter\/X:\u00a0 <a href=\"https:\/\/twitter.com\/jakovo\">@jakovo<\/a><\/p>\n<p>Mastodon: <a href=\"https:\/\/mastodon.gamedev.place\/@jakovo\">@jakovo@mastodon.gamedev.place<\/a><\/p>\n<p>BluseSky: <a href=\"https:\/\/bsky.app\/profile\/jakovo.bsky.social\">@jakovo.bsky.social<\/a><\/p>\n","protected":false},"excerpt":{"rendered":"<p>Hola! Mi nombre es Jacobo R\u00edos, soy un gamer \u00e1vido, y desarrollador de videojuegos de coraz\u00f3n; especialmente apasionado por la programaci\u00f3n de gr\u00e1ficas en tiempo real y el desarrollo de motores para videojuegos (aunque he trabajado otros aspectos tambi\u00e9n). Actualmente trabajo en Hydra-Technologies, desarrollando un motor de renderizado 3D a-medida para un sistema de an\u00e1lisis [&hellip;]<\/p>\n","protected":false},"author":1,"featured_media":0,"parent":0,"menu_order":0,"comment_status":"closed","ping_status":"closed","template":"page_without_date.php","meta":{"footnotes":""},"class_list":["post-304","page","type-page","status-publish","hentry"],"translation":{"provider":"WPGlobus","version":"3.0.2","language":"mx","enabled_languages":["en","mx","ja"],"languages":{"en":{"title":true,"content":true,"excerpt":false},"mx":{"title":true,"content":true,"excerpt":false},"ja":{"title":true,"content":true,"excerpt":false}}},"_links":{"self":[{"href":"https:\/\/jakovo.net\/mx\/wp-json\/wp\/v2\/pages\/304","targetHints":{"allow":["GET"]}}],"collection":[{"href":"https:\/\/jakovo.net\/mx\/wp-json\/wp\/v2\/pages"}],"about":[{"href":"https:\/\/jakovo.net\/mx\/wp-json\/wp\/v2\/types\/page"}],"author":[{"embeddable":true,"href":"https:\/\/jakovo.net\/mx\/wp-json\/wp\/v2\/users\/1"}],"replies":[{"embeddable":true,"href":"https:\/\/jakovo.net\/mx\/wp-json\/wp\/v2\/comments?post=304"}],"version-history":[{"count":26,"href":"https:\/\/jakovo.net\/mx\/wp-json\/wp\/v2\/pages\/304\/revisions"}],"predecessor-version":[{"id":457,"href":"https:\/\/jakovo.net\/mx\/wp-json\/wp\/v2\/pages\/304\/revisions\/457"}],"wp:attachment":[{"href":"https:\/\/jakovo.net\/mx\/wp-json\/wp\/v2\/media?parent=304"}],"curies":[{"name":"wp","href":"https:\/\/api.w.org\/{rel}","templated":true}]}}