{"id":298,"date":"2025-08-01T08:45:02","date_gmt":"2025-08-01T14:45:02","guid":{"rendered":"https:\/\/www.jakovo.net\/?page_id=298"},"modified":"2025-08-11T08:37:25","modified_gmt":"2025-08-11T14:37:25","slug":"resume","status":"publish","type":"page","link":"https:\/\/jakovo.net\/mx\/resume\/","title":{"rendered":"Curr\u00edculum Vitae"},"content":{"rendered":"<p>Siempre podr\u00e1s encontrar la informaci\u00f3n m\u00e1s actual sobre mi historial laboral y habilidades en LinkedIn. Si\u00e9ntete en la libertad de agregarme a tus contactos si gustas:<br \/>\n<center><br \/>\n<a href=\"https:\/\/www.linkedin.com\/in\/jacoborios\/\" target=\"_blank\"><br \/>\n  <img loading=\"lazy\" decoding=\"async\" src=\"https:\/\/jakovo.net\/wp-content\/uploads\/2025\/08\/linkedin_bloglink.png\" alt=\"\" width=\"300\" height=\"300\" class=\"alignnone size-full wp-image-355\" srcset=\"https:\/\/jakovo.net\/wp-content\/uploads\/2025\/08\/linkedin_bloglink.png 300w, https:\/\/jakovo.net\/wp-content\/uploads\/2025\/08\/linkedin_bloglink-150x150.png 150w, https:\/\/jakovo.net\/wp-content\/uploads\/2025\/08\/linkedin_bloglink-230x230.png 230w\" sizes=\"auto, (max-width: 300px) 100vw, 300px\" \/><br \/>\n<\/a><\/p>\n<p><\/center><\/p>\n","protected":false},"excerpt":{"rendered":"<p>Siempre podr\u00e1s encontrar la informaci\u00f3n m\u00e1s actual sobre mi historial laboral y habilidades en LinkedIn. Si\u00e9ntete en la libertad de agregarme a tus contactos si gustas:<\/p>\n","protected":false},"author":1,"featured_media":0,"parent":0,"menu_order":0,"comment_status":"closed","ping_status":"closed","template":"page_without_date.php","meta":{"footnotes":""},"class_list":["post-298","page","type-page","status-publish","hentry"],"translation":{"provider":"WPGlobus","version":"3.0.2","language":"mx","enabled_languages":["en","mx","ja"],"languages":{"en":{"title":true,"content":true,"excerpt":false},"mx":{"title":true,"content":true,"excerpt":false},"ja":{"title":true,"content":true,"excerpt":false}}},"_links":{"self":[{"href":"https:\/\/jakovo.net\/mx\/wp-json\/wp\/v2\/pages\/298","targetHints":{"allow":["GET"]}}],"collection":[{"href":"https:\/\/jakovo.net\/mx\/wp-json\/wp\/v2\/pages"}],"about":[{"href":"https:\/\/jakovo.net\/mx\/wp-json\/wp\/v2\/types\/page"}],"author":[{"embeddable":true,"href":"https:\/\/jakovo.net\/mx\/wp-json\/wp\/v2\/users\/1"}],"replies":[{"embeddable":true,"href":"https:\/\/jakovo.net\/mx\/wp-json\/wp\/v2\/comments?post=298"}],"version-history":[{"count":19,"href":"https:\/\/jakovo.net\/mx\/wp-json\/wp\/v2\/pages\/298\/revisions"}],"predecessor-version":[{"id":395,"href":"https:\/\/jakovo.net\/mx\/wp-json\/wp\/v2\/pages\/298\/revisions\/395"}],"wp:attachment":[{"href":"https:\/\/jakovo.net\/mx\/wp-json\/wp\/v2\/media?parent=298"}],"curies":[{"name":"wp","href":"https:\/\/api.w.org\/{rel}","templated":true}]}}